{"id":5,"date":"2014-10-28T08:57:09","date_gmt":"2014-10-28T08:57:09","guid":{"rendered":"http:\/\/localhost:8888\/luxuryvilla\/?page_id=5"},"modified":"2025-04-19T12:57:04","modified_gmt":"2025-04-19T16:57:04","slug":"about","status":"publish","type":"page","link":"http:\/\/apparthotelsherbrooke.com\/fr\/about\/","title":{"rendered":"\u00c0 Propos"},"content":{"rendered":"<p>[vc_row row_type=\u00a0\u00bbsection\u00a0\u00bb css=\u00a0\u00bb.vc_custom_1418133064531{background-color: #ffffff !important;}\u00a0\u00bb][vc_column][vc_column_text]<\/p>\n<h3 style=\"text-align: center;\">Besoin d&rsquo;un pied-\u00e0-terre \u00e0 Sherbrooke pour une courte p\u00e9riode de temps?<\/h3>\n<h2 style=\"text-align: center;\">Essayez la meilleure alternative \u00e0 une chambre d&rsquo;h\u00f4tel.<\/h2>\n<p>[\/vc_column_text][vc_column_text]<\/p>\n<h4 style=\"text-align: center;\">Appart-H\u00f4tel Urbain vous offre un service d&rsquo;h\u00e9bergement temporaire de choix avec ses appartements\u00a0 enti\u00e8rement meubl\u00e9s disponible pour la location de courte et moyenne dur\u00e9e.<\/h4>\n<p>[\/vc_column_text][vc_row_inner][vc_column_inner width=\u00a0\u00bb1\/2&Prime;][vc_column_text]<\/p>\n<p style=\"text-align: center;\">Pr\u00e9sent\u00a0au c\u0153ur de la <strong>Ville de Sherbrooke<\/strong>, <strong>Appart-H\u00f4tel Urbain<\/strong> vous permet d\u2019\u00eatre au centre de tous les attraits touristiques et installations sportives que vous offre la <b>r\u00e9gion de l&rsquo;Estrie<\/b>.<\/p>\n<p>[\/vc_column_text][\/vc_column_inner][vc_column_inner width=\u00a0\u00bb1\/2&Prime;][vc_column_text]<\/p>\n<p style=\"text-align: center;\"><strong>Notre mission<\/strong> est d\u2019offrir \u00e0 notre client\u00e8le un <strong>service d&rsquo;h\u00e9bergement de qualit\u00e9 \u00e0 prix comp\u00e9titif<\/strong> pour une client\u00e8le autonome sur <strong>une courte et\/ou moyenne dur\u00e9e<\/strong>.<\/p>\n<p>[\/vc_column_text][\/vc_column_inner][\/vc_row_inner][vc_row_inner][vc_column_inner][vc_column_text]<\/p>\n<h4 style=\"text-align: center; font-weight: thin;\"><strong>Notre concept est id\u00e9al pour toute familles ou \u00e9quipes qui souhaitent habiter Sherbrooke temporairement tout en \u00e9vitant les inconv\u00e9nients d&rsquo;un h\u00f4tel traditionel.<br \/>\n<\/strong><\/h4>\n<p style=\"text-align: center;\">Chacun de nos appartements (apparts-h\u00f4tels) offre la possibilit\u00e9 d\u2019accueillir ais\u00e9ment de <strong>2 \u00e0 6 personnes<\/strong>, une cuisine compl\u00e8te bien \u00e9quip\u00e9e, une salle de bain, une laveuse et une s\u00e9cheuse dans l\u2019appartement, un t\u00e9l\u00e9viseur avec c\u00e2ble, au salon, acc\u00e8s \u00e0 internet WIFI, stationnement priv\u00e9 et gratuit.<\/p>\n<p>[\/vc_column_text][\/vc_column_inner][\/vc_row_inner][\/vc_column][\/vc_row][vc_row][vc_column]\n\t<div class=\"title-subtitle-box \" style=\" text-align: center;\">\n\t\t<h3 style=\" font-weight: normal;\" >Nous souhaitons vous offrir l'avantage de la proximit\u00e9.<\/h3>\n\t<\/div> [vc_row_inner][vc_column_inner width=\u00a0\u00bb1\/3&Prime;]\n\t<div class=\"featured-icon-box \" style=\"text-align:center;\">\n\t\t<div class=\"icn-holder pull-center\" ><i style=\" color: #2d0082;\" class=\"entypo entypo-graduation-cap  small\"><\/i><\/div><div class=\"clearfix\"><\/div>\n\t\t\t\t<h5><a target=\"_self\" title=\"\" href=\"\">\u00c9coles et Entreprises<\/a><\/h5>\n\t\t\t\t<p class=\"featured-desc\">Que vous soyez \u00e9tudiants, professeurs ou employ\u00e9s dans une \u00e9cole ou une compagnie locale, si vous devez r\u00e9sider dans la r\u00e9gion pour moins d'un an, notre service de location \u00e0 court et moyen terme vous retire le trouble habituel d'un bail annuel!<\/p>\n\t<\/div> [\/vc_column_inner][vc_column_inner width=\u00a0\u00bb1\/3&Prime;]\n\t<div class=\"featured-icon-box \" style=\"text-align:center;\">\n\t\t<div class=\"icn-holder pull-center\" ><i style=\" color: #1d95ba;\" class=\"entypo entypo-flight  small\"><\/i><\/div><div class=\"clearfix\"><\/div>\n\t\t\t\t<h5><a target=\"_self\" title=\"\" href=\"\">Transports &amp; Accessibilit\u00e9<\/a><\/h5>\n\t\t\t\t<p class=\"featured-desc\">Nos appartements (apparts-h\u00f4tels) sont \u00e0 proximit\u00e9 de divers points d\u2019embarcation importants dans les r\u00e9seaux du transport en commun urbain et de taxis.<\/p>\n\t<\/div> [\/vc_column_inner][vc_column_inner width=\u00a0\u00bb1\/3&Prime;]\n\t<div class=\"featured-icon-box \" style=\"text-align:center;\">\n\t\t<div class=\"icn-holder pull-center\" ><i style=\" color: #eeee22;\" class=\"entypo entypo-trophy  small\"><\/i><\/div><div class=\"clearfix\"><\/div>\n\t\t\t\t<h5><a target=\"_self\" title=\"\" href=\"\">Sports et \u00c9v\u00e9nements<\/a><\/h5>\n\t\t\t\t<p class=\"featured-desc\">Gr\u00e2ce \u00e0 notre service de location d'appartements meubl\u00e9s et \u00e9quip\u00e9s pour des s\u00e9jours \u00e0 courts et moyens termes, votre ou vos \u00e9quipes peuvent facilement se concentrer sur leurs performances!<\/p>\n\t<\/div> [\/vc_column_inner][\/vc_row_inner][\/vc_column][\/vc_row][vc_row][vc_column]\n\t<div class=\"title-subtitle-box \" style=\" text-align: center;\">\n\t\t<h3 style=\" font-weight: normal;\" >Une solution fiable \u00e0 votre probl\u00e8me d'h\u00e9bergement!<\/h3>\n\t<\/div> [vc_row_inner][vc_column_inner width=\u00a0\u00bb1\/3&Prime;]\n\t<div class=\"featured-icon-box \" style=\"text-align:center;\">\n\t\t<div class=\"icn-holder pull-center\" ><i style=\" color: #dd3333;\" class=\"entypo entypo-home  small\"><\/i><\/div><div class=\"clearfix\"><\/div>\n\t\t\t\t<h5><a target=\"_self\" title=\"\" href=\"\">R\u00e9novations ou r\u00e9parations majeures?<\/a><\/h5>\n\t\t\t\t<p class=\"featured-desc\">Suite \u00e0 un probl\u00e8me tel qu'une inondation ou un feu \u00e0 votre domicile, r\u00e9sider dans un h\u00f4tel traditionnel est tr\u00e8s difficile puisque vous ne pouvez y cuisiner ou vraiment y vivre \u00e0 temps plein. Le co\u00fbt en repas pendant plusieurs jours n'est pas couvert par les assurances. Notre service vous offre une solution qui inclut une cuisine tout \u00e9quip\u00e9e qui all\u00e9gera le fardeau financier d'une telle m\u00e9saventure!<\/p>\n\t<\/div> [\/vc_column_inner][vc_column_inner width=\u00a0\u00bb1\/3&Prime;]\n\t<div class=\"featured-icon-box \" style=\"text-align:center;\">\n\t\t<div class=\"icn-holder pull-center\" ><i style=\" color: #1e73be;\" class=\"entypo entypo-megaphone  small\"><\/i><\/div><div class=\"clearfix\"><\/div>\n\t\t\t\t<h5><a target=\"_self\" title=\"\" href=\"\">Visite ou Travail en r\u00e9gion?<\/a><\/h5>\n\t\t\t\t<p class=\"featured-desc\">Vous assistez de la parent\u00e9 ou une soci\u00e9t\u00e9 pour un \u00e9v\u00e9nement ou une activit\u00e9 importante et vous devez r\u00e9sider dans la r\u00e9gion pendant plusieurs jours, semaines ou m\u00eame mois? Notre service de location d'appartement (appart-h\u00f4tel) \u00e0 court-terme est id\u00e9al pour vous!<br \/>\nVous devez visiter un parent ou ami qui s\u00e9journe au CHUS pavillon Fleurimont ou H\u00f4tel-Dieu, nos appartements vous offrirons le confort que vous recherchez \u00e0 proximit\u00e9 des 2 pavillons du CHUS.<\/p>\n\t<\/div> [\/vc_column_inner][vc_column_inner width=\u00a0\u00bb1\/3&Prime;]\n\t<div class=\"featured-icon-box \" style=\"text-align:center;\">\n\t\t<div class=\"icn-holder pull-center\" ><i style=\" color: #81d742;\" class=\"entypo entypo-tag  small\"><\/i><\/div><div class=\"clearfix\"><\/div>\n\t\t\t\t<h5><a target=\"_self\" title=\"\" href=\"\">Achat ou location d'habitation?<\/a><\/h5>\n\t\t\t\t<p class=\"featured-desc\">Vous r\u00e9sidez dans une autre ville et vous pr\u00e9voyez l'achat ou la location d'une maison ou d'un appartement? Il est donc tr\u00e8s important de prendre le temps de bien visiter les lieux. Il n'est pas exag\u00e9r\u00e9 d'investir plusieurs heures par visite. Notre service d'h\u00e9bergement \u00e0 court terme vous retire le stress et les inconv\u00e9nient d'un retour h\u00e2tif. Vous sauverez sur le co\u00fbt de l'essence et la fatigue d'un long voyage ou m\u00eame d'un constant aller-retour!<\/p>\n\t<\/div> [\/vc_column_inner][\/vc_row_inner][\/vc_column][\/vc_row][vc_row][vc_column]\n\t<div class=\"title-subtitle-box \" style=\" text-align: center;\">\n\t\t<h3 style=\" font-weight: normal;\" >Commentaires<\/h3>\n\t<\/div> [vc_row_inner][vc_column_inner width=\u00a0\u00bb1\/3&Prime;][\/vc_column_inner][vc_column_inner width=\u00a0\u00bb1\/3&Prime;]\n\t<blockquote class=\"gg-vc-quote \" style =\"\">\n\tExactement le genre de service que nous aurions voulu avoir acc\u00e8s lorsque nous avions fait reculer notre maison! Excellent pour les familles qui ne peuvent vivre dans leur domicile pour quelques semaines ou m\u00eame quelques mois!\n\t<cite>France Desrosiers, Sherbrooke<\/cite>\n\t<\/blockquote>[\/vc_column_inner][vc_column_inner width=\u00a0\u00bb1\/3&Prime;][\/vc_column_inner][\/vc_row_inner][\/vc_column][\/vc_row]<\/p>\n","protected":false},"excerpt":{"rendered":"<p>[vc_row row_type=\u00a0\u00bbsection\u00a0\u00bb css=\u00a0\u00bb.vc_custom_1418133064531{background-color: #ffffff !important;}\u00a0\u00bb][vc_column][vc_column_text] Besoin d&rsquo;un pied-\u00e0-terre \u00e0 Sherbrooke pour une courte p\u00e9riode de temps? Essayez la meilleure alternative \u00e0 une chambre d&rsquo;h\u00f4tel. [\/vc_column_text][vc_column_text] Appart-H\u00f4tel Urbain vous offre un service d&rsquo;h\u00e9bergement temporaire de choix avec ses appartements\u00a0 enti\u00e8rement meubl\u00e9s disponible pour la location de courte et moyenne dur\u00e9e. [\/vc_column_text][vc_row_inner][vc_column_inner width=\u00a0\u00bb1\/2&Prime;][vc_column_text] Pr\u00e9sent\u00a0au c\u0153ur de la<br class=\"read-more-spacer\"> <a class=\"more-link\" href=\"http:\/\/apparthotelsherbrooke.com\/fr\/about\/\"><i class=\"entypo entypo-right-open\"><\/i>En savoir plus<\/a><\/p>\n","protected":false},"author":1,"featured_media":0,"parent":0,"menu_order":0,"comment_status":"open","ping_status":"open","template":"","meta":{"footnotes":""},"class_list":["post-5","page","type-page","status-publish","hentry"],"yoast_head":"<!-- This site is optimized with the Yoast SEO plugin v24.9 - https:\/\/yoast.com\/wordpress\/plugins\/seo\/ -->\n<title>\u00c0 Propos &#8226; Appart H\u00f4tel Urbain Sherbrooke<\/title>\n<meta name=\"description\" content=\"Appart-H\u00f4tel Urbain vous offre un service de qualit\u00e9 dans la location d&#039;appartement (appart-h\u00f4tel) pour courtes ou moyennes dur\u00e9es!\" \/>\n<meta name=\"robots\" content=\"index, follow, max-snippet:-1, max-image-preview:large, max-video-preview:-1\" \/>\n<link rel=\"canonical\" href=\"https:\/\/apparthotelsherbrooke.com\/fr\/about\/\" \/>\n<meta property=\"og:locale\" content=\"fr_FR\" \/>\n<meta property=\"og:type\" content=\"article\" \/>\n<meta property=\"og:title\" content=\"\u00c0 Propos &#8226; Appart H\u00f4tel Urbain Sherbrooke\" \/>\n<meta property=\"og:description\" content=\"Appart-H\u00f4tel Urbain vous offre un service de qualit\u00e9 dans la location d&#039;appartement (appart-h\u00f4tel) pour courtes ou moyennes dur\u00e9es!\" \/>\n<meta property=\"og:url\" content=\"https:\/\/apparthotelsherbrooke.com\/fr\/about\/\" \/>\n<meta property=\"og:site_name\" content=\"Appart H\u00f4tel Urbain Sherbrooke\" \/>\n<meta property=\"article:modified_time\" content=\"2025-04-19T16:57:04+00:00\" \/>\n<meta name=\"twitter:card\" content=\"summary_large_image\" \/>\n<meta name=\"twitter:label1\" content=\"Dur\u00e9e de lecture estim\u00e9e\" \/>\n\t<meta name=\"twitter:data1\" content=\"4 minutes\" \/>\n<script type=\"application\/ld+json\" class=\"yoast-schema-graph\">{\"@context\":\"https:\/\/schema.org\",\"@graph\":[{\"@type\":\"WebPage\",\"@id\":\"https:\/\/apparthotelsherbrooke.com\/fr\/about\/\",\"url\":\"https:\/\/apparthotelsherbrooke.com\/fr\/about\/\",\"name\":\"\u00c0 Propos &#8226; Appart H\u00f4tel Urbain Sherbrooke\",\"isPartOf\":{\"@id\":\"http:\/\/apparthotelsherbrooke.com\/fr\/#website\"},\"datePublished\":\"2014-10-28T08:57:09+00:00\",\"dateModified\":\"2025-04-19T16:57:04+00:00\",\"description\":\"Appart-H\u00f4tel Urbain vous offre un service de qualit\u00e9 dans la location d'appartement (appart-h\u00f4tel) pour courtes ou moyennes dur\u00e9es!\",\"breadcrumb\":{\"@id\":\"https:\/\/apparthotelsherbrooke.com\/fr\/about\/#breadcrumb\"},\"inLanguage\":\"fr-FR\",\"potentialAction\":[{\"@type\":\"ReadAction\",\"target\":[\"https:\/\/apparthotelsherbrooke.com\/fr\/about\/\"]}]},{\"@type\":\"BreadcrumbList\",\"@id\":\"https:\/\/apparthotelsherbrooke.com\/fr\/about\/#breadcrumb\",\"itemListElement\":[{\"@type\":\"ListItem\",\"position\":1,\"name\":\"Accueil\",\"item\":\"http:\/\/apparthotelsherbrooke.com\/fr\/\"},{\"@type\":\"ListItem\",\"position\":2,\"name\":\"\u00c0 Propos\"}]},{\"@type\":\"WebSite\",\"@id\":\"http:\/\/apparthotelsherbrooke.com\/fr\/#website\",\"url\":\"http:\/\/apparthotelsherbrooke.com\/fr\/\",\"name\":\"Appart H\u00f4tel Urbain Sherbrooke\",\"description\":\"La meilleure alternative \u00e0 un chambre d&#039;h\u00f4tel\",\"publisher\":{\"@id\":\"http:\/\/apparthotelsherbrooke.com\/fr\/#organization\"},\"potentialAction\":[{\"@type\":\"SearchAction\",\"target\":{\"@type\":\"EntryPoint\",\"urlTemplate\":\"http:\/\/apparthotelsherbrooke.com\/fr\/?s={search_term_string}\"},\"query-input\":{\"@type\":\"PropertyValueSpecification\",\"valueRequired\":true,\"valueName\":\"search_term_string\"}}],\"inLanguage\":\"fr-FR\"},{\"@type\":\"Organization\",\"@id\":\"http:\/\/apparthotelsherbrooke.com\/fr\/#organization\",\"name\":\"Appart H\u00f4tel Urbain\",\"url\":\"http:\/\/apparthotelsherbrooke.com\/fr\/\",\"logo\":{\"@type\":\"ImageObject\",\"inLanguage\":\"fr-FR\",\"@id\":\"http:\/\/apparthotelsherbrooke.com\/fr\/#\/schema\/logo\/image\/\",\"url\":\"https:\/\/apparthotelsherbrooke.com\/fr\/wp-content\/uploads\/2016\/10\/AppartHotelUrbain_Logo.png\",\"contentUrl\":\"https:\/\/apparthotelsherbrooke.com\/fr\/wp-content\/uploads\/2016\/10\/AppartHotelUrbain_Logo.png\",\"width\":600,\"height\":200,\"caption\":\"Appart H\u00f4tel Urbain\"},\"image\":{\"@id\":\"http:\/\/apparthotelsherbrooke.com\/fr\/#\/schema\/logo\/image\/\"}}]}<\/script>\n<!-- \/ Yoast SEO plugin. -->","yoast_head_json":{"title":"\u00c0 Propos &#8226; Appart H\u00f4tel Urbain Sherbrooke","description":"Appart-H\u00f4tel Urbain vous offre un service de qualit\u00e9 dans la location d'appartement (appart-h\u00f4tel) pour courtes ou moyennes dur\u00e9es!","robots":{"index":"index","follow":"follow","max-snippet":"max-snippet:-1","max-image-preview":"max-image-preview:large","max-video-preview":"max-video-preview:-1"},"canonical":"https:\/\/apparthotelsherbrooke.com\/fr\/about\/","og_locale":"fr_FR","og_type":"article","og_title":"\u00c0 Propos &#8226; Appart H\u00f4tel Urbain Sherbrooke","og_description":"Appart-H\u00f4tel Urbain vous offre un service de qualit\u00e9 dans la location d'appartement (appart-h\u00f4tel) pour courtes ou moyennes dur\u00e9es!","og_url":"https:\/\/apparthotelsherbrooke.com\/fr\/about\/","og_site_name":"Appart H\u00f4tel Urbain Sherbrooke","article_modified_time":"2025-04-19T16:57:04+00:00","twitter_card":"summary_large_image","twitter_misc":{"Dur\u00e9e de lecture estim\u00e9e":"4 minutes"},"schema":{"@context":"https:\/\/schema.org","@graph":[{"@type":"WebPage","@id":"https:\/\/apparthotelsherbrooke.com\/fr\/about\/","url":"https:\/\/apparthotelsherbrooke.com\/fr\/about\/","name":"\u00c0 Propos &#8226; Appart H\u00f4tel Urbain Sherbrooke","isPartOf":{"@id":"http:\/\/apparthotelsherbrooke.com\/fr\/#website"},"datePublished":"2014-10-28T08:57:09+00:00","dateModified":"2025-04-19T16:57:04+00:00","description":"Appart-H\u00f4tel Urbain vous offre un service de qualit\u00e9 dans la location d'appartement (appart-h\u00f4tel) pour courtes ou moyennes dur\u00e9es!","breadcrumb":{"@id":"https:\/\/apparthotelsherbrooke.com\/fr\/about\/#breadcrumb"},"inLanguage":"fr-FR","potentialAction":[{"@type":"ReadAction","target":["https:\/\/apparthotelsherbrooke.com\/fr\/about\/"]}]},{"@type":"BreadcrumbList","@id":"https:\/\/apparthotelsherbrooke.com\/fr\/about\/#breadcrumb","itemListElement":[{"@type":"ListItem","position":1,"name":"Accueil","item":"http:\/\/apparthotelsherbrooke.com\/fr\/"},{"@type":"ListItem","position":2,"name":"\u00c0 Propos"}]},{"@type":"WebSite","@id":"http:\/\/apparthotelsherbrooke.com\/fr\/#website","url":"http:\/\/apparthotelsherbrooke.com\/fr\/","name":"Appart H\u00f4tel Urbain Sherbrooke","description":"La meilleure alternative \u00e0 un chambre d&#039;h\u00f4tel","publisher":{"@id":"http:\/\/apparthotelsherbrooke.com\/fr\/#organization"},"potentialAction":[{"@type":"SearchAction","target":{"@type":"EntryPoint","urlTemplate":"http:\/\/apparthotelsherbrooke.com\/fr\/?s={search_term_string}"},"query-input":{"@type":"PropertyValueSpecification","valueRequired":true,"valueName":"search_term_string"}}],"inLanguage":"fr-FR"},{"@type":"Organization","@id":"http:\/\/apparthotelsherbrooke.com\/fr\/#organization","name":"Appart H\u00f4tel Urbain","url":"http:\/\/apparthotelsherbrooke.com\/fr\/","logo":{"@type":"ImageObject","inLanguage":"fr-FR","@id":"http:\/\/apparthotelsherbrooke.com\/fr\/#\/schema\/logo\/image\/","url":"https:\/\/apparthotelsherbrooke.com\/fr\/wp-content\/uploads\/2016\/10\/AppartHotelUrbain_Logo.png","contentUrl":"https:\/\/apparthotelsherbrooke.com\/fr\/wp-content\/uploads\/2016\/10\/AppartHotelUrbain_Logo.png","width":600,"height":200,"caption":"Appart H\u00f4tel Urbain"},"image":{"@id":"http:\/\/apparthotelsherbrooke.com\/fr\/#\/schema\/logo\/image\/"}}]}},"_links":{"self":[{"href":"http:\/\/apparthotelsherbrooke.com\/fr\/wp-json\/wp\/v2\/pages\/5"}],"collection":[{"href":"http:\/\/apparthotelsherbrooke.com\/fr\/wp-json\/wp\/v2\/pages"}],"about":[{"href":"http:\/\/apparthotelsherbrooke.com\/fr\/wp-json\/wp\/v2\/types\/page"}],"author":[{"embeddable":true,"href":"http:\/\/apparthotelsherbrooke.com\/fr\/wp-json\/wp\/v2\/users\/1"}],"replies":[{"embeddable":true,"href":"http:\/\/apparthotelsherbrooke.com\/fr\/wp-json\/wp\/v2\/comments?post=5"}],"version-history":[{"count":65,"href":"http:\/\/apparthotelsherbrooke.com\/fr\/wp-json\/wp\/v2\/pages\/5\/revisions"}],"predecessor-version":[{"id":1369,"href":"http:\/\/apparthotelsherbrooke.com\/fr\/wp-json\/wp\/v2\/pages\/5\/revisions\/1369"}],"wp:attachment":[{"href":"http:\/\/apparthotelsherbrooke.com\/fr\/wp-json\/wp\/v2\/media?parent=5"}],"curies":[{"name":"wp","href":"https:\/\/api.w.org\/{rel}","templated":true}]}}