{"id":414,"date":"2014-11-24T17:24:35","date_gmt":"2014-11-24T17:24:35","guid":{"rendered":"http:\/\/localhost:8888\/luxuryvilla\/?page_id=414"},"modified":"2016-11-04T23:01:22","modified_gmt":"2016-11-05T03:01:22","slug":"gallery-with-no-gap","status":"publish","type":"page","link":"http:\/\/apparthotelsherbrooke.com\/fr\/gallery-with-no-gap\/","title":{"rendered":"Galerie de photos"},"content":{"rendered":"","protected":false},"excerpt":{"rendered":"","protected":false},"author":1,"featured_media":0,"parent":0,"menu_order":0,"comment_status":"open","ping_status":"open","template":"theme-templates\/gallery.php","meta":{"footnotes":""},"class_list":["post-414","page","type-page","status-publish","hentry"],"yoast_head":"<!-- This site is optimized with the Yoast SEO plugin v24.9 - https:\/\/yoast.com\/wordpress\/plugins\/seo\/ -->\n<title>Galerie de photos &#8226; Appart H\u00f4tel Urbain Sherbrooke<\/title>\n<meta name=\"robots\" content=\"noindex, nofollow\" \/>\n<meta property=\"og:locale\" content=\"fr_FR\" \/>\n<meta property=\"og:type\" content=\"article\" \/>\n<meta property=\"og:title\" content=\"Galerie de photos &#8226; Appart H\u00f4tel Urbain Sherbrooke\" \/>\n<meta property=\"og:url\" content=\"http:\/\/apparthotelsherbrooke.com\/fr\/gallery-with-no-gap\/\" \/>\n<meta property=\"og:site_name\" content=\"Appart H\u00f4tel Urbain Sherbrooke\" \/>\n<meta property=\"article:modified_time\" content=\"2016-11-05T03:01:22+00:00\" \/>\n<meta name=\"twitter:card\" content=\"summary_large_image\" \/>\n<script type=\"application\/ld+json\" class=\"yoast-schema-graph\">{\"@context\":\"https:\/\/schema.org\",\"@graph\":[{\"@type\":\"WebPage\",\"@id\":\"http:\/\/apparthotelsherbrooke.com\/fr\/gallery-with-no-gap\/\",\"url\":\"http:\/\/apparthotelsherbrooke.com\/fr\/gallery-with-no-gap\/\",\"name\":\"Galerie de photos &#8226; Appart H\u00f4tel Urbain Sherbrooke\",\"isPartOf\":{\"@id\":\"http:\/\/apparthotelsherbrooke.com\/fr\/#website\"},\"datePublished\":\"2014-11-24T17:24:35+00:00\",\"dateModified\":\"2016-11-05T03:01:22+00:00\",\"breadcrumb\":{\"@id\":\"http:\/\/apparthotelsherbrooke.com\/fr\/gallery-with-no-gap\/#breadcrumb\"},\"inLanguage\":\"fr-FR\",\"potentialAction\":[{\"@type\":\"ReadAction\",\"target\":[\"http:\/\/apparthotelsherbrooke.com\/fr\/gallery-with-no-gap\/\"]}]},{\"@type\":\"BreadcrumbList\",\"@id\":\"http:\/\/apparthotelsherbrooke.com\/fr\/gallery-with-no-gap\/#breadcrumb\",\"itemListElement\":[{\"@type\":\"ListItem\",\"position\":1,\"name\":\"Accueil\",\"item\":\"http:\/\/apparthotelsherbrooke.com\/fr\/\"},{\"@type\":\"ListItem\",\"position\":2,\"name\":\"Galerie de photos\"}]},{\"@type\":\"WebSite\",\"@id\":\"http:\/\/apparthotelsherbrooke.com\/fr\/#website\",\"url\":\"http:\/\/apparthotelsherbrooke.com\/fr\/\",\"name\":\"Appart H\u00f4tel Urbain Sherbrooke\",\"description\":\"La meilleure alternative \u00e0 un chambre d&#039;h\u00f4tel\",\"publisher\":{\"@id\":\"http:\/\/apparthotelsherbrooke.com\/fr\/#organization\"},\"potentialAction\":[{\"@type\":\"SearchAction\",\"target\":{\"@type\":\"EntryPoint\",\"urlTemplate\":\"http:\/\/apparthotelsherbrooke.com\/fr\/?s={search_term_string}\"},\"query-input\":{\"@type\":\"PropertyValueSpecification\",\"valueRequired\":true,\"valueName\":\"search_term_string\"}}],\"inLanguage\":\"fr-FR\"},{\"@type\":\"Organization\",\"@id\":\"http:\/\/apparthotelsherbrooke.com\/fr\/#organization\",\"name\":\"Appart H\u00f4tel Urbain\",\"url\":\"http:\/\/apparthotelsherbrooke.com\/fr\/\",\"logo\":{\"@type\":\"ImageObject\",\"inLanguage\":\"fr-FR\",\"@id\":\"http:\/\/apparthotelsherbrooke.com\/fr\/#\/schema\/logo\/image\/\",\"url\":\"https:\/\/apparthotelsherbrooke.com\/fr\/wp-content\/uploads\/2016\/10\/AppartHotelUrbain_Logo.png\",\"contentUrl\":\"https:\/\/apparthotelsherbrooke.com\/fr\/wp-content\/uploads\/2016\/10\/AppartHotelUrbain_Logo.png\",\"width\":600,\"height\":200,\"caption\":\"Appart H\u00f4tel Urbain\"},\"image\":{\"@id\":\"http:\/\/apparthotelsherbrooke.com\/fr\/#\/schema\/logo\/image\/\"}}]}<\/script>\n<!-- \/ Yoast SEO plugin. -->","yoast_head_json":{"title":"Galerie de photos &#8226; Appart H\u00f4tel Urbain Sherbrooke","robots":{"index":"noindex","follow":"nofollow"},"og_locale":"fr_FR","og_type":"article","og_title":"Galerie de photos &#8226; Appart H\u00f4tel Urbain Sherbrooke","og_url":"http:\/\/apparthotelsherbrooke.com\/fr\/gallery-with-no-gap\/","og_site_name":"Appart H\u00f4tel Urbain Sherbrooke","article_modified_time":"2016-11-05T03:01:22+00:00","twitter_card":"summary_large_image","schema":{"@context":"https:\/\/schema.org","@graph":[{"@type":"WebPage","@id":"http:\/\/apparthotelsherbrooke.com\/fr\/gallery-with-no-gap\/","url":"http:\/\/apparthotelsherbrooke.com\/fr\/gallery-with-no-gap\/","name":"Galerie de photos &#8226; Appart H\u00f4tel Urbain Sherbrooke","isPartOf":{"@id":"http:\/\/apparthotelsherbrooke.com\/fr\/#website"},"datePublished":"2014-11-24T17:24:35+00:00","dateModified":"2016-11-05T03:01:22+00:00","breadcrumb":{"@id":"http:\/\/apparthotelsherbrooke.com\/fr\/gallery-with-no-gap\/#breadcrumb"},"inLanguage":"fr-FR","potentialAction":[{"@type":"ReadAction","target":["http:\/\/apparthotelsherbrooke.com\/fr\/gallery-with-no-gap\/"]}]},{"@type":"BreadcrumbList","@id":"http:\/\/apparthotelsherbrooke.com\/fr\/gallery-with-no-gap\/#breadcrumb","itemListElement":[{"@type":"ListItem","position":1,"name":"Accueil","item":"http:\/\/apparthotelsherbrooke.com\/fr\/"},{"@type":"ListItem","position":2,"name":"Galerie de photos"}]},{"@type":"WebSite","@id":"http:\/\/apparthotelsherbrooke.com\/fr\/#website","url":"http:\/\/apparthotelsherbrooke.com\/fr\/","name":"Appart H\u00f4tel Urbain Sherbrooke","description":"La meilleure alternative \u00e0 un chambre d&#039;h\u00f4tel","publisher":{"@id":"http:\/\/apparthotelsherbrooke.com\/fr\/#organization"},"potentialAction":[{"@type":"SearchAction","target":{"@type":"EntryPoint","urlTemplate":"http:\/\/apparthotelsherbrooke.com\/fr\/?s={search_term_string}"},"query-input":{"@type":"PropertyValueSpecification","valueRequired":true,"valueName":"search_term_string"}}],"inLanguage":"fr-FR"},{"@type":"Organization","@id":"http:\/\/apparthotelsherbrooke.com\/fr\/#organization","name":"Appart H\u00f4tel Urbain","url":"http:\/\/apparthotelsherbrooke.com\/fr\/","logo":{"@type":"ImageObject","inLanguage":"fr-FR","@id":"http:\/\/apparthotelsherbrooke.com\/fr\/#\/schema\/logo\/image\/","url":"https:\/\/apparthotelsherbrooke.com\/fr\/wp-content\/uploads\/2016\/10\/AppartHotelUrbain_Logo.png","contentUrl":"https:\/\/apparthotelsherbrooke.com\/fr\/wp-content\/uploads\/2016\/10\/AppartHotelUrbain_Logo.png","width":600,"height":200,"caption":"Appart H\u00f4tel Urbain"},"image":{"@id":"http:\/\/apparthotelsherbrooke.com\/fr\/#\/schema\/logo\/image\/"}}]}},"_links":{"self":[{"href":"http:\/\/apparthotelsherbrooke.com\/fr\/wp-json\/wp\/v2\/pages\/414"}],"collection":[{"href":"http:\/\/apparthotelsherbrooke.com\/fr\/wp-json\/wp\/v2\/pages"}],"about":[{"href":"http:\/\/apparthotelsherbrooke.com\/fr\/wp-json\/wp\/v2\/types\/page"}],"author":[{"embeddable":true,"href":"http:\/\/apparthotelsherbrooke.com\/fr\/wp-json\/wp\/v2\/users\/1"}],"replies":[{"embeddable":true,"href":"http:\/\/apparthotelsherbrooke.com\/fr\/wp-json\/wp\/v2\/comments?post=414"}],"version-history":[{"count":1,"href":"http:\/\/apparthotelsherbrooke.com\/fr\/wp-json\/wp\/v2\/pages\/414\/revisions"}],"predecessor-version":[{"id":1159,"href":"http:\/\/apparthotelsherbrooke.com\/fr\/wp-json\/wp\/v2\/pages\/414\/revisions\/1159"}],"wp:attachment":[{"href":"http:\/\/apparthotelsherbrooke.com\/fr\/wp-json\/wp\/v2\/media?parent=414"}],"curies":[{"name":"wp","href":"https:\/\/api.w.org\/{rel}","templated":true}]}}